{"id":207,"date":"2022-04-16T13:31:01","date_gmt":"2022-04-16T11:31:01","guid":{"rendered":"http:\/\/www.camping-finsterhof.eu\/?page_id=207"},"modified":"2025-06-07T23:53:11","modified_gmt":"2025-06-07T21:53:11","slug":"information-fuer-dauercamper","status":"publish","type":"page","link":"https:\/\/camping-finsterhof.eu\/?page_id=207","title":{"rendered":"Information f\u00fcr Dauercamper"},"content":{"rendered":"\n<p class=\"has-text-color\" style=\"color:#3c7227\"><strong>F\u00fcr Anfragen jeglicher Art und Infomaterial schreib uns hier oder via Mail oder ruf uns gleich an!<\/strong><br>For inquiries of any kind and information material write to us here or via email or give us a call!<\/p>\n\n\n\n<p><a rel=\"noreferrer noopener\" href=\"https:\/\/camping-finsterhof.eu\/?page_id=284\" data-type=\"URL\" data-id=\"https:\/\/camping-finsterhof.eu\/?page_id=284\" target=\"_blank\"><strong>Formular<\/strong><\/a><br><strong><a href=\"mailto:finsterhofcamping@gmail.com\">finsterhofcamping@gmail.com<\/a><\/strong><br><strong>TEL\/FAX: +436769400822<\/strong><br>Zum <a href=\"https:\/\/camping-finsterhof.eu\/?page_id=895\">Newsletter<\/a> anmelden und keine Neuigkeiten mehr verpassen!<\/p>\n\n\n\n<figure class=\"wp-block-image size-large\"><img loading=\"lazy\" decoding=\"async\" width=\"1024\" height=\"768\" src=\"https:\/\/camping-finsterhof.eu\/wp-content\/uploads\/WhatsApp-Image-2022-09-02-at-19.46.58-2-1024x768.jpeg\" alt=\"\" class=\"wp-image-863\" srcset=\"https:\/\/camping-finsterhof.eu\/wp-content\/uploads\/WhatsApp-Image-2022-09-02-at-19.46.58-2-1024x768.jpeg 1024w, https:\/\/camping-finsterhof.eu\/wp-content\/uploads\/WhatsApp-Image-2022-09-02-at-19.46.58-2-300x225.jpeg 300w, https:\/\/camping-finsterhof.eu\/wp-content\/uploads\/WhatsApp-Image-2022-09-02-at-19.46.58-2-768x576.jpeg 768w, https:\/\/camping-finsterhof.eu\/wp-content\/uploads\/WhatsApp-Image-2022-09-02-at-19.46.58-2-1536x1152.jpeg 1536w, https:\/\/camping-finsterhof.eu\/wp-content\/uploads\/WhatsApp-Image-2022-09-02-at-19.46.58-2.jpeg 2048w\" sizes=\"auto, (max-width: 1024px) 100vw, 1024px\" \/><\/figure>\n\n\n\n<p>Wer etwas l\u00e4nger bei uns verweilen m\u00f6chte hat die M\u00f6glichkeit einen Dauerstell-Platz zu mieten.<br>Wir bieten verschieden gro\u00dfe Parzellen von 100m2 bis zu 300m2 an.<\/p>\n\n\n\n<p>Pro m2 sind es 5,00 \u20ac Jahrespacht.<\/p>\n\n\n\n<p>Bei Bezug ist eine Kaution von 1000 Euro zu hinterlegen<br>Strom wird nach Verbrauch abgerechnet.<\/p>\n\n\n\n<p>Wir freuen uns \u00fcber jeden Interessenten und zeigen vor Ort gerne pers\u00f6nlich unseren Naturcampingplatz her.<\/p>\n\n\n\n<div class=\"wp-block-group is-layout-flow wp-block-group-is-layout-flow\">\n<div class=\"wp-block-columns is-layout-flex wp-container-core-columns-is-layout-28f84493 wp-block-columns-is-layout-flex\">\n<div class=\"wp-block-column is-layout-flow wp-block-column-is-layout-flow\" style=\"flex-basis:100%\">\n<figure class=\"wp-block-gallery has-nested-images columns-default is-cropped wp-block-gallery-1 is-layout-flex wp-block-gallery-is-layout-flex\">\n<figure class=\"wp-block-image size-full\"><img loading=\"lazy\" decoding=\"async\" width=\"750\" height=\"1000\" data-id=\"847\" src=\"https:\/\/camping-finsterhof.eu\/wp-content\/uploads\/WhatsApp-Image-2022-08-31-at-18.27.56-1-1.jpeg\" alt=\"\" class=\"wp-image-847\" srcset=\"https:\/\/camping-finsterhof.eu\/wp-content\/uploads\/WhatsApp-Image-2022-08-31-at-18.27.56-1-1.jpeg 750w, https:\/\/camping-finsterhof.eu\/wp-content\/uploads\/WhatsApp-Image-2022-08-31-at-18.27.56-1-1-225x300.jpeg 225w\" sizes=\"auto, (max-width: 750px) 100vw, 750px\" \/><\/figure>\n\n\n\n<figure class=\"wp-block-image size-full\"><img loading=\"lazy\" decoding=\"async\" width=\"750\" height=\"981\" data-id=\"836\" src=\"https:\/\/camping-finsterhof.eu\/wp-content\/uploads\/WhatsApp-Image-2022-08-31-at-18.28.18-1.jpeg\" alt=\"\" class=\"wp-image-836\" srcset=\"https:\/\/camping-finsterhof.eu\/wp-content\/uploads\/WhatsApp-Image-2022-08-31-at-18.28.18-1.jpeg 750w, https:\/\/camping-finsterhof.eu\/wp-content\/uploads\/WhatsApp-Image-2022-08-31-at-18.28.18-1-229x300.jpeg 229w\" sizes=\"auto, (max-width: 750px) 100vw, 750px\" \/><\/figure>\n\n\n\n<figure class=\"wp-block-image size-large\"><img loading=\"lazy\" decoding=\"async\" width=\"1024\" height=\"1024\" data-id=\"809\" src=\"https:\/\/camping-finsterhof.eu\/wp-content\/uploads\/275107447_461052729057349_3611554413232614751_n-1024x1024.jpg\" alt=\"\" class=\"wp-image-809\" srcset=\"https:\/\/camping-finsterhof.eu\/wp-content\/uploads\/275107447_461052729057349_3611554413232614751_n-1024x1024.jpg 1024w, https:\/\/camping-finsterhof.eu\/wp-content\/uploads\/275107447_461052729057349_3611554413232614751_n-300x300.jpg 300w, https:\/\/camping-finsterhof.eu\/wp-content\/uploads\/275107447_461052729057349_3611554413232614751_n-768x768.jpg 768w, https:\/\/camping-finsterhof.eu\/wp-content\/uploads\/275107447_461052729057349_3611554413232614751_n-230x230.jpg 230w, https:\/\/camping-finsterhof.eu\/wp-content\/uploads\/275107447_461052729057349_3611554413232614751_n-80x80.jpg 80w, https:\/\/camping-finsterhof.eu\/wp-content\/uploads\/275107447_461052729057349_3611554413232614751_n.jpg 1440w\" sizes=\"auto, (max-width: 1024px) 100vw, 1024px\" \/><\/figure>\n<\/figure>\n<\/div>\n<\/div>\n<\/div>\n\n\n\n<p>Je nach Lust und Laune kann man bei uns die Ruhe genie\u00dfen, Gesellschaft suchen, Gem\u00fcse und Blumen anbauen , Sport treiben oder einfach die Seele baumeln lassen und die Natur bewundern.<\/p>\n\n\n\n<p>Jeder hat sein St\u00fcckchen Naturparadies und kann es das gesamte Jahr \u00fcber nutzen. <a href=\"https:\/\/camping-finsterhof.eu\/?page_id=96\" data-type=\"URL\" data-id=\"www.camping-finsterhof.eu\/?page_id=96\">Mehr Fotos dazu hier.<\/a><\/p>\n\n\n\n<p>Campingplatzfeste, gemeinsame Abende, Bibliothek, <a href=\"https:\/\/camping-finsterhof.eu\/?page_id=550\" data-type=\"URL\" data-id=\"https:\/\/camping-finsterhof.eu\/?page_id=550\">Spielplatz und Streichelzoo<\/a>, DVD- und Spieleb\u00f6rse, Fu\u00dfballplatz und <a href=\"https:\/\/camping-finsterhof.eu\/?page_id=218\" data-type=\"URL\" data-id=\"https:\/\/camping-finsterhof.eu\/?page_id=218\">verschiedene Workshops<\/a> und <a href=\"https:\/\/camping-finsterhof.eu\/?page_id=301\" data-type=\"URL\" data-id=\"https:\/\/camping-finsterhof.eu\/?page_id=301\">Sport- und Wellnessangebote<\/a> bieten viel Abwechslung und Aktivit\u00e4ten f\u00fcr unsere Campergemeinschaft f\u00fcr jedes Alter.<\/p>\n\n\n\n<p>Seit Saison 2025 gibt es bei uns im Aufenthaltsraum auch Backautomaten von Resch und Frisch f\u00fcr Geb\u00e4ck, Pizza, Mehlspeisen, etc. Auch eine Kochplatte, Mikrowelle, Wasserkocher und Kaffeemaschine steht zur Verf\u00fcgung sowie Sitzgelegenheiten zum Essen. Immer wieder gibt es auch frisches Gem\u00fcse zu kaufen. Auch Obst und Beeren auf dem Gel\u00e4nde d\u00fcrfen gepfl\u00fcckt werden. N\u00e4here Informationen dazu gibt es bei der Rezeption.<\/p>\n\n\n\n<p><strong>Kontakt<\/strong><\/p>\n\n\n\n<p>Campingplatz Finsterhof<br>Familie K\u00f6hler<br>Finsterhof 1c<br>3040 Neulengbach<br>\u00d6sterreich<\/p>\n\n\n\n<p><a href=\"mailto:finsterhofcamping@gmail.com\">f<strong>insterhofcamping@gmail.com<\/strong><\/a><\/p>\n\n\n\n<p><strong>TEL\/FAX: +436769400822<\/strong><\/p>\n","protected":false},"excerpt":{"rendered":"<p>F\u00fcr Anfragen jeglicher Art und Infomaterial schreib uns hier oder via Mail oder ruf uns gleich an!For inquiries of any kind and information material write to us here or via email or give us a call! Formularfinsterhofcamping@gmail.comTEL\/FAX: +436769400822Zum Newsletter anmelden und keine Neuigkeiten mehr verpassen! Wer etwas l\u00e4nger bei uns verweilen m\u00f6chte hat die M\u00f6glichkeit [&hellip;]<\/p>\n","protected":false},"author":3,"featured_media":0,"parent":0,"menu_order":0,"comment_status":"closed","ping_status":"closed","template":"","meta":{"footnotes":""},"class_list":["post-207","page","type-page","status-publish","hentry"],"_links":{"self":[{"href":"https:\/\/camping-finsterhof.eu\/index.php?rest_route=\/wp\/v2\/pages\/207","targetHints":{"allow":["GET"]}}],"collection":[{"href":"https:\/\/camping-finsterhof.eu\/index.php?rest_route=\/wp\/v2\/pages"}],"about":[{"href":"https:\/\/camping-finsterhof.eu\/index.php?rest_route=\/wp\/v2\/types\/page"}],"author":[{"embeddable":true,"href":"https:\/\/camping-finsterhof.eu\/index.php?rest_route=\/wp\/v2\/users\/3"}],"replies":[{"embeddable":true,"href":"https:\/\/camping-finsterhof.eu\/index.php?rest_route=%2Fwp%2Fv2%2Fcomments&post=207"}],"version-history":[{"count":22,"href":"https:\/\/camping-finsterhof.eu\/index.php?rest_route=\/wp\/v2\/pages\/207\/revisions"}],"predecessor-version":[{"id":1308,"href":"https:\/\/camping-finsterhof.eu\/index.php?rest_route=\/wp\/v2\/pages\/207\/revisions\/1308"}],"wp:attachment":[{"href":"https:\/\/camping-finsterhof.eu\/index.php?rest_route=%2Fwp%2Fv2%2Fmedia&parent=207"}],"curies":[{"name":"wp","href":"https:\/\/api.w.org\/{rel}","templated":true}]}}