{"id":215,"date":"2022-04-16T13:49:39","date_gmt":"2022-04-16T11:49:39","guid":{"rendered":"http:\/\/www.camping-finsterhof.eu\/?page_id=215"},"modified":"2022-08-31T16:05:28","modified_gmt":"2022-08-31T14:05:28","slug":"anfahrt","status":"publish","type":"page","link":"https:\/\/camping-finsterhof.eu\/?page_id=215","title":{"rendered":"Anfahrt"},"content":{"rendered":"\n<p class=\"has-medium-font-size\"><strong>Adresse:<\/strong><\/p>\n\n\n\n<p>Campingplatz Finsterhof<br>Familie K\u00f6hler<br>Finsterhof 1c<br>3040 Neulengbach<br>\u00d6sterreich<\/p>\n\n\n\n<p>Von Wien aus kommend auf der A1, die Abfahrt &#8222;Altlengbach&#8220; w\u00e4hlen und den Ausschilderungen 7 km folgen<\/p>\n\n\n\n<p>Von St. P\u00f6lten aus kommend auf der A1, die Abfahrt &#8222;St.Christophen&#8220; w\u00e4hlen und den Ausschilderungen 4 km folgen<\/p>\n\n\n\n<p>ACHTUNG- Bei \u00e4lteren Navigation Ger\u00e4ten muss man unsere alte Adresse eingeben-<\/p>\n\n\n\n<p> Inprugg 1\/ 3040 Neulengbacg<\/p>\n\n\n\n<p><strong><a href=\"mailto:finsterhofcamping@gmail.com\">finsterhofcamping@gmail.com<\/a><\/strong><br><strong>TEL\/FAX: +436769400822<\/strong><\/p>\n\n\n\n<hr class=\"wp-block-separator has-css-opacity\"\/>\n\n\n\n<p><strong>\u00d6ffentlich:<\/strong><br>Die&nbsp;<a rel=\"noreferrer noopener\" href=\"https:\/\/www.verkehrsmittel.info\/linie-442-vor\/\" target=\"_blank\">Buslinie 442<\/a>&nbsp;f\u00e4hrt zu den&nbsp;<a rel=\"noreferrer noopener\" href=\"https:\/\/www.oebb.at\/\" target=\"_blank\">Bahnh\u00f6fen<\/a>&nbsp;Tulln, Tullnerfeld, Neulengbach<br><strong>Haltestelle<\/strong>:&nbsp;<strong>Markersdorf b.Neulengbach B19<\/strong>&nbsp;(vor dem Campingplatz Finsterhof)<\/p>\n","protected":false},"excerpt":{"rendered":"<p>Adresse: Campingplatz FinsterhofFamilie K\u00f6hlerFinsterhof 1c3040 Neulengbach\u00d6sterreich Von Wien aus kommend auf der A1, die Abfahrt &#8222;Altlengbach&#8220; w\u00e4hlen und den Ausschilderungen 7 km folgen Von St. P\u00f6lten aus kommend auf der A1, die Abfahrt &#8222;St.Christophen&#8220; w\u00e4hlen und den Ausschilderungen 4 km folgen ACHTUNG- Bei \u00e4lteren Navigation Ger\u00e4ten muss man unsere alte Adresse eingeben- Inprugg 1\/ 3040 [&hellip;]<\/p>\n","protected":false},"author":3,"featured_media":0,"parent":0,"menu_order":0,"comment_status":"closed","ping_status":"closed","template":"","meta":{"footnotes":""},"class_list":["post-215","page","type-page","status-publish","hentry"],"_links":{"self":[{"href":"https:\/\/camping-finsterhof.eu\/index.php?rest_route=\/wp\/v2\/pages\/215","targetHints":{"allow":["GET"]}}],"collection":[{"href":"https:\/\/camping-finsterhof.eu\/index.php?rest_route=\/wp\/v2\/pages"}],"about":[{"href":"https:\/\/camping-finsterhof.eu\/index.php?rest_route=\/wp\/v2\/types\/page"}],"author":[{"embeddable":true,"href":"https:\/\/camping-finsterhof.eu\/index.php?rest_route=\/wp\/v2\/users\/3"}],"replies":[{"embeddable":true,"href":"https:\/\/camping-finsterhof.eu\/index.php?rest_route=%2Fwp%2Fv2%2Fcomments&post=215"}],"version-history":[{"count":6,"href":"https:\/\/camping-finsterhof.eu\/index.php?rest_route=\/wp\/v2\/pages\/215\/revisions"}],"predecessor-version":[{"id":789,"href":"https:\/\/camping-finsterhof.eu\/index.php?rest_route=\/wp\/v2\/pages\/215\/revisions\/789"}],"wp:attachment":[{"href":"https:\/\/camping-finsterhof.eu\/index.php?rest_route=%2Fwp%2Fv2%2Fmedia&parent=215"}],"curies":[{"name":"wp","href":"https:\/\/api.w.org\/{rel}","templated":true}]}}