{"id":36,"date":"2013-10-21T20:26:18","date_gmt":"2013-10-21T18:26:18","guid":{"rendered":"http:\/\/www.camping-finsterhof.eu\/?page_id=36"},"modified":"2022-04-23T20:40:57","modified_gmt":"2022-04-23T18:40:57","slug":"impressum","status":"publish","type":"page","link":"https:\/\/camping-finsterhof.eu\/?page_id=36","title":{"rendered":"Impressum"},"content":{"rendered":"\n<p><strong>Kontakt<\/strong><\/p>\n\n\n\n<p>Campingplatz Finsterhof<br>Familie K\u00f6hler<br>Finsterhof 1c<br>3040 Neulengbach<br>\u00d6sterreich<\/p>\n\n\n\n<p><strong><a href=\"mailto:finsterhofcamping@gmail.com\">finsterhofcamping@gmail.com<\/a><\/strong><\/p>\n\n\n\n<p><strong>TEL\/FAX: +43 (0)6769400822<\/strong><\/p>\n\n\n\n<hr class=\"wp-block-separator\"\/>\n\n\n\n<p><strong>Impressum<\/strong><\/p>\n\n\n\n<p>F\u00fcr den Inhalt verantwortlich: Familie Fischer, Inprugg 1, 3040 Neulengbach<\/p>\n\n\n\n<p><a href=\"http:\/\/firmen.wko.at\/Web\/DetailsInfos.aspx?FirmaID=a5bded05-1ece-4fe4-a2bb-98c3eeb0c54c&amp;StandortID=610&amp;StandortName=Neulengbach\" target=\"_blank\" rel=\"noopener\">Gewerbeinhaber <\/a>bei der WK\u00d6<\/p>\n\n\n\n<p>Powered by: WordPress; Umsetzung: www.nettesbild.at<\/p>\n\n\n\n<p>Alle Texte, Bilder, Grafiken unterliegen dem Urheberrecht und anderen Gesetzen zum Schutz geistigen Eigentums.&nbsp;Sie d\u00fcrfen weder f\u00fcr Handelszwecke oder zur Weitergabe kopiert, noch ver\u00e4ndert und auf anderen Web-Sites verwendet werden.<\/p>\n\n\n\n<p>HAFTUNGSAUSSCHLUSS<br>Im Hinblick auf die technischen Eigenschaften des Internets kann keine Gew\u00e4hr f\u00fcr die Authentizit\u00e4t, Richtigkeit und Vollst\u00e4ndigkeit der im Internet zur Verf\u00fcgung gestellten Informationen \u00fcbernommen werden. Es wird auch keine Gew\u00e4hr f\u00fcr die Verf\u00fcgbarkeit oder den Betrieb der gegenst\u00e4ndlichen Homepage und ihrer Inhalte \u00fcbernommen.<br>Jede Haftung f\u00fcr unmittelbare, mittelbare oder sonstige Sch\u00e4den, unabh\u00e4ngig von deren Ursachen, die aus der Benutzung oder Nichtverf\u00fcgbarkeit der Daten und Informationen dieser Homepage erwachsen, wird, soweit rechtlich zul\u00e4ssig, ausgeschlossen.<br>Camping Finsterhof beh\u00e4lt es sich ausdr\u00fccklich vor, Teile der Seiten oder das gesamte Angebot ohne gesonderte Ank\u00fcndigung zu ver\u00e4ndern, zu erg\u00e4nzen, zu l\u00f6schen oder die Ver\u00f6ffentlichung zeitweise oder endg\u00fcltig einzustellen.<\/p>\n\n\n\n<p>VERWEISE UND LINKS<br>Externe Links (\u201eHyperlinks\u201c) werden von uns sorgf\u00e4ltig gepr\u00fcft.&nbsp;Camping Finsterhof \u00fcbernimmt keine Haftung f\u00fcr die Inhalte fremder Seiten, die Sie \u00fcber einen Link erreichen. F\u00fcr illegale, fehlerhafte oder unvollst\u00e4ndige Inhalte und insbesondere f\u00fcr Sch\u00e4den, die aus der Nutzung oder Nichtnutzung solcherart dargebotener Informationen auf fremden Seiten entstehen, ist ausschlie\u00dflich deren Betreiber verantwortlich.<\/p>\n\n\n\n<p>URHEBER- UND KENNZEICHNUNGSRECHT<br>Der Inhalt dieser Homepage ist urheberrechtlich gesch\u00fctzt. Die Informationen sind nur f\u00fcr die pers\u00f6nliche Verwendung bestimmt. Das Copyright f\u00fcr s\u00e4mtliche ver\u00f6ffentlichte, vom Autor selbst erstellte Objekte bleibt allein beim Autor der Seiten. Jede weitergehende Nutzung insbesondere die Speicherung in Datenbanken, Vervielf\u00e4ltigung und jede Form von gewerblicher Nutzung sowie die Weitergabe an Dritte \u2013 auch in Teilen oder in \u00fcberarbeiteter Form \u2013 ohne Zustimmung der jeweiligen Organisation ist untersagt.<\/p>\n","protected":false},"excerpt":{"rendered":"<p>Kontakt Campingplatz FinsterhofFamilie K\u00f6hlerFinsterhof 1c3040 Neulengbach\u00d6sterreich finsterhofcamping@gmail.com TEL\/FAX: +43 (0)6769400822 Impressum F\u00fcr den Inhalt verantwortlich: Familie Fischer, Inprugg 1, 3040 Neulengbach Gewerbeinhaber bei der WK\u00d6 Powered by: WordPress; Umsetzung: www.nettesbild.at Alle Texte, Bilder, Grafiken unterliegen dem Urheberrecht und anderen Gesetzen zum Schutz geistigen Eigentums.&nbsp;Sie d\u00fcrfen weder f\u00fcr Handelszwecke oder zur Weitergabe kopiert, noch ver\u00e4ndert und [&hellip;]<\/p>\n","protected":false},"author":3,"featured_media":0,"parent":0,"menu_order":0,"comment_status":"closed","ping_status":"open","template":"","meta":{"footnotes":""},"class_list":["post-36","page","type-page","status-publish","hentry"],"_links":{"self":[{"href":"https:\/\/camping-finsterhof.eu\/index.php?rest_route=\/wp\/v2\/pages\/36","targetHints":{"allow":["GET"]}}],"collection":[{"href":"https:\/\/camping-finsterhof.eu\/index.php?rest_route=\/wp\/v2\/pages"}],"about":[{"href":"https:\/\/camping-finsterhof.eu\/index.php?rest_route=\/wp\/v2\/types\/page"}],"author":[{"embeddable":true,"href":"https:\/\/camping-finsterhof.eu\/index.php?rest_route=\/wp\/v2\/users\/3"}],"replies":[{"embeddable":true,"href":"https:\/\/camping-finsterhof.eu\/index.php?rest_route=%2Fwp%2Fv2%2Fcomments&post=36"}],"version-history":[{"count":5,"href":"https:\/\/camping-finsterhof.eu\/index.php?rest_route=\/wp\/v2\/pages\/36\/revisions"}],"predecessor-version":[{"id":292,"href":"https:\/\/camping-finsterhof.eu\/index.php?rest_route=\/wp\/v2\/pages\/36\/revisions\/292"}],"wp:attachment":[{"href":"https:\/\/camping-finsterhof.eu\/index.php?rest_route=%2Fwp%2Fv2%2Fmedia&parent=36"}],"curies":[{"name":"wp","href":"https:\/\/api.w.org\/{rel}","templated":true}]}}