{"id":534,"date":"2022-08-27T23:37:36","date_gmt":"2022-08-27T21:37:36","guid":{"rendered":"http:\/\/www.camping-finsterhof.eu\/?page_id=534"},"modified":"2022-08-31T18:09:22","modified_gmt":"2022-08-31T16:09:22","slug":"bewertung-rezension","status":"publish","type":"page","link":"https:\/\/camping-finsterhof.eu\/?page_id=534","title":{"rendered":"Bewertungen &#038; Rezensionen"},"content":{"rendered":"\n<p class=\"has-black-color has-text-color\"><strong>Aktuell aus 2022<\/strong> &#8211; In diesem Jahr freuen wir uns besonders verk\u00fcnden zu k\u00f6nnen, dass der Campingplatz an die j\u00fcngere Generation (Familie K\u00f6hler) \u00fcbergeben wurde.<\/p>\n\n\n\n<p class=\"has-text-color\" style=\"color:#3c7227\"><strong>M\u00f6chtest du uns auch gerne eine Bewertung schreiben, dann kannst du das gerne <a href=\"https:\/\/camping-finsterhof.eu\/?page_id=284\" data-type=\"URL\" data-id=\"https:\/\/camping-finsterhof.eu\/?page_id=284\">hier<\/a>, via Mail, auf Facebook oder Google machen.<\/strong><\/p>\n\n\n\n<hr class=\"wp-block-separator has-alpha-channel-opacity\"\/>\n\n\n\n<p class=\"has-black-color has-text-color\">Kleiner, ruhiger Platz &#8211; Jetzt durch neue Betreiber bald renoviert. Wirklich sehr sch\u00f6n gelegen und mitten in der Natur. Ein richtiger Geheimtipp.<\/p>\n\n\n\n<p class=\"has-black-color has-text-color\">Sehr gem\u00fctlich und ruhig.<\/p>\n\n\n\n<p class=\"has-text-color\" style=\"color:#3c7227\"><em>Christian K., M\u00e4rz 2022 (Camping-Gast)<\/em><\/p>\n\n\n\n<hr class=\"wp-block-separator has-alpha-channel-opacity\"\/>\n\n\n\n<p class=\"has-black-color has-text-color\">Toller, ruhiger Platz &#8211; Campingplatz naturnahe direkt an einem alten sch\u00f6nen Hof. Wunderbar in der Natur gelegen. Campen wie es sein soll. Einfach, rustikal, sehr sauber und freundlich. Kommen sicher wieder vorbei!<\/p>\n\n\n\n<p class=\"has-black-color has-text-color\">Wirklich naturnahe und sehr wildromantisch, tolle Betreiber, sehr nettes Ambiente.<\/p>\n\n\n\n<p class=\"has-text-color\" style=\"color:#3c7227\"><em>Martina S., April 2022 (Camping-Gast)<\/em><\/p>\n\n\n\n<hr class=\"wp-block-separator has-alpha-channel-opacity\"\/>\n\n\n\n<p class=\"has-black-color has-text-color\">Echter Geheimtipp &#8211; Ein total netter Campingplatz mitten im Gr\u00fcnen, super liebe Betreiberfamilie, ideal f\u00fcr Familien mit Kindern jeden Alters oder auch f\u00fcr Paare, kommen bestimmt wieder!!!<\/p>\n\n\n\n<p class=\"has-black-color has-text-color\">Direkt im Gr\u00fcnen, Super freundlicher Empfang.<\/p>\n\n\n\n<p class=\"has-text-color\" style=\"color:#3c7227\"><em>Maria N., April 2022 (Camping-Gast)<\/em><\/p>\n\n\n\n<hr class=\"wp-block-separator has-alpha-channel-opacity\"\/>\n\n\n\n<p class=\"has-black-color has-text-color\">War nett. Cooler Betreiber haben noch Hundefutter geschenkt bekommen.<\/p>\n\n\n\n<p class=\"has-text-color\" style=\"color:#3c7227\"><em>Mihi S., April 2022 (Camping-Gast)<\/em><\/p>\n\n\n\n<hr class=\"wp-block-separator has-alpha-channel-opacity\"\/>\n\n\n\n<p class=\"has-black-color has-text-color\">Wunderbar f\u00fcr einen entspannten Wien-Aufenthalt! Sehr naturbelassener Campingplatz mit viel Gr\u00fcn rundherum. Sehr freundliches Betreiberpaar, das uns auch gute Tipps f\u00fcr die Umgebung gab. Wenn man will, kann man auch an verschiedenen Aktivit\u00e4ten, die angeboten werden, teilnehmen. Frisches Brot und Gem\u00fcse wird geliefert. Wir waren sehr zufrieden und werden wiederkommen.<\/p>\n\n\n\n<p class=\"has-text-color\" style=\"color:#3c7227\"><em>Ursula F., Mai 2022 (Camping-Gast)<\/em><\/p>\n\n\n\n<hr class=\"wp-block-separator has-alpha-channel-opacity\"\/>\n\n\n\n<p>Hervorragend &#8211; Ankommen und wohlf\u00fchlen, Natur pur, herrliche Lage, total freundliche, zuvorkommende Gastgeber.<\/p>\n\n\n\n<p>Gegend, Lage, super freundliche und stets hilfreiche Gastgeber.<\/p>\n\n\n\n<p class=\"has-text-color\" style=\"color:#3c7227\"><em>Renate L., Mai 2022 (Camping-Gast)<\/em><\/p>\n\n\n\n<hr class=\"wp-block-separator has-alpha-channel-opacity\"\/>\n\n\n\n<p class=\"has-black-color has-text-color\">Campen f\u00fcr Naturliebhaber &#8211; Einfach ein wundersch\u00f6ner Campingplatz in der Natur. Die Betreiber sind sehr freundlich und wir haben unseren Aufenthalt wirklich genossen. Super zum Abschalten. Ich hab im Nachhinein gesehen, dass es sogar immer wieder kleine Veranstaltungen und Kurse am Campingplatz gibt, werden beim n\u00e4chsten Mal getestet \ud83d\ude09<\/p>\n\n\n\n<p class=\"has-black-color has-text-color\">Freundliches und hilfsbereites Betreiberpaar Sch\u00f6ne Stellpl\u00e4tze in der Natur Saubere Sanit\u00e4ranlagen Perfekter Ort, um in sch\u00f6ner Umgebung abzuschalten ohne ewig fahren zu m\u00fcssen.<\/p>\n\n\n\n<p class=\"has-text-color\" style=\"color:#3c7227\"><em>Maria F., Mai 2022 (Camping-Gast)<\/em><\/p>\n\n\n\n<hr class=\"wp-block-separator has-alpha-channel-opacity\"\/>\n\n\n\n<p class=\"has-black-color has-text-color\">Perfekt f\u00fcr Familien<\/p>\n\n\n\n<p class=\"has-black-color has-text-color\">Ein wundersch\u00f6ner familiengef\u00fchrter Betrieb mit viel Liebe zur alten Architektur. Mitten im Gr\u00fcnen mit tollen und abwechslungsreichen Angeboten. Von Familie f\u00fcr Familien! Wir kommen sicher bald wieder!<\/p>\n\n\n\n<p class=\"has-black-color has-text-color\">Betreuung vor Ort Naturbelassene Stellpl\u00e4tze gute Infrastruktur Herzliche Gastgeber.<\/p>\n\n\n\n<p class=\"has-text-color\" style=\"color:#3c7227\"><em>Anna K., Mai 2022 (Camping-Gast)<\/em><\/p>\n\n\n\n<hr class=\"wp-block-separator has-alpha-channel-opacity\"\/>\n\n\n\n<p class=\"has-black-color has-text-color\">Sch\u00f6ner naturbelassener Campingplatz in Familienbetrieb. Sehr freundliche und sympathische Gastgeberin, Lisa, hat uns herzlich aufgenommen. Im Sommer werden verschiedene Workshops angeboten z.B. Kr\u00e4uterwanderung oder auch 1x die Woche Yoga. Sanit\u00e4ranlagen etwas in die Jahre gekommen, aber voll funktionsf\u00e4hig und sauber.<br>Faire Preise! Man kann mit Karte zahlen!<br>Wir waren nur auf der Durchreise, kommen aber sehr gerne wieder!<\/p>\n\n\n\n<p class=\"has-text-color\" style=\"color:#3c7227\"><em>Katharina K., Mai 2022<\/em> (Camping-Gast)<\/p>\n\n\n\n<hr class=\"wp-block-separator has-alpha-channel-opacity\"\/>\n\n\n\n<p class=\"has-black-color has-text-color\">Der Kurs mit Meli war top&nbsp;!!!<br>Meli hat den Kurs toll geleitet, uns mit leckeren Essen versorgt&nbsp;&nbsp;und ich war zum Schluss sooo begeistert von den Endergebnissen!!<\/p>\n\n\n\n<p class=\"has-black-color has-text-color\">Auch die Location war entspannend und vor allem die begrenzte Teilnehmerzahl von 6 Leuten war super, Melli konnte so gut auf jeden Einzelne von uns eingehen!!&nbsp;<\/p>\n\n\n\n<p class=\"has-black-color has-text-color\">Gerne mache ich wieder bei einem Kurs von Melli mit!<\/p>\n\n\n\n<p class=\"has-text-color\" style=\"color:#3c7227\"><em>Leni M., Juni 2022 (Workshop-Teilnehmer)<\/em><\/p>\n\n\n\n<hr class=\"wp-block-separator has-alpha-channel-opacity\"\/>\n\n\n\n<p class=\"has-black-color has-text-color\">War voll toll!<\/p>\n\n\n\n<p class=\"has-text-color\" style=\"color:#3c7227\"><em>Julia P., Juni 2022 (Workshop-Teilnehmer)<\/em><\/p>\n\n\n\n<hr class=\"wp-block-separator has-alpha-channel-opacity\"\/>\n\n\n\n<p class=\"has-black-color has-text-color\">Der Kurs war super!<\/p>\n\n\n\n<p class=\"has-text-color\" style=\"color:#3c7227\"><em>Andrea T., Juni 2022 (Workshop-Teilnehmer)<\/em><\/p>\n\n\n\n<hr class=\"wp-block-separator has-alpha-channel-opacity\"\/>\n\n\n\n<p class=\"has-black-color has-text-color\">Super, super nett und Tiefenentspannt.<br>Hier gibt es auch spannende Workshops wie Bogen bauen, Filzen, Weidekorb flechten, Kr\u00e4uter Wanderungen.<br>Willkommen ist auch meine Gina. &#x2764;&#xfe0f;<\/p>\n\n\n\n<p class=\"has-text-color\" style=\"color:#3c7227\"><em>An, Juni 2022 (Camping-Gast)<\/em><\/p>\n\n\n\n<hr class=\"wp-block-separator has-alpha-channel-opacity\"\/>\n\n\n\n<p class=\"has-black-color has-text-color\">Extrem freundlich und zuvorkommend. Danke f\u00fcr die sch\u00f6nen Tage.<br>Tolle Mountainbike Strecken und Wanderungen m\u00f6glich.<br>Sogar unser Hund Samy bekam ein Willkommensgeschenk.<br>Sowas gabs noch nirgends. DANKE<\/p>\n\n\n\n<p class=\"has-text-color\" style=\"color:#3c7227\"><em>Gerda H., Juni 2022 (Camping-Gast)<\/em><\/p>\n\n\n\n<hr class=\"wp-block-separator has-alpha-channel-opacity\"\/>\n\n\n\n<p class=\"has-black-color has-text-color\">Ein kleines Paradies \ud83d\ude42<\/p>\n\n\n\n<p class=\"has-text-color\" style=\"color:#3c7227\"><em>Y.E., Juli 2022 (Camping-Gast)<\/em><\/p>\n\n\n\n<hr class=\"wp-block-separator has-alpha-channel-opacity\"\/>\n\n\n\n<p class=\"has-black-color has-text-color\">(\u00dcbersetzt von Google &#8211; aus den NL) Wenn Sie einen ruhigen, einfachen Campingplatz mit Spielplatz suchen und ein Hund willkommen ist, dann sind Sie bei uns genau richtig. Gesch\u00e4fte Aldi, Lidl, Penny nur 3 km entfernt.<br>Freundliche Gastgeberin und Hund erhielten ein Paket mit Kotbeuteln. Sie k\u00f6nnen nur B\u00fccher und DVDs und Brettspiele ausleihen &#8230; Neue Sanit\u00e4ranlagen im Bau.<br>Alt veraltet, aber sauber.<br>W\u00e4hlen Sie Ihren eigenen Stellplatz mit Wasser, Strom und WLAN.<br>Sandwiches auf Bestellung.<\/p>\n\n\n\n<p class=\"has-text-color\" style=\"color:#3c7227\"><em>Martine D., Juli 2022 (Camping-Gast)<\/em><\/p>\n\n\n\n<hr class=\"wp-block-separator has-alpha-channel-opacity\"\/>\n\n\n\n<p class=\"has-black-color has-text-color\">Alles bestens!<\/p>\n\n\n\n<p class=\"has-text-color\" style=\"color:#3c7227\"><em>Vladimir S., Juli 2022 (Camping-Gast)<\/em><\/p>\n\n\n\n<hr class=\"wp-block-separator has-alpha-channel-opacity\"\/>\n\n\n\n<p class=\"has-black-color has-text-color\">(\u00dcbersetzt von Google &#8211; aus PL) Wir sind zuf\u00e4llig hierher gefahren. Die Gegend ist sehr sch\u00f6n, ruhig und sehr freundlich zu uns und unserem Hund, der nach zwei Wochen auf seinem Weg von Albani au\u00dfergew\u00f6hnlich gl\u00fccklich aussah&#x1f601;. Ein Ort f\u00fcr Liebhaber von Natur, Stille und Natur, der zu empfehlen ist.<\/p>\n\n\n\n<p class=\"has-text-color\" style=\"color:#3c7227\"><em>C.C., Juli 2022 (Camping-Gast)<\/em><\/p>\n\n\n\n<hr class=\"wp-block-separator has-alpha-channel-opacity\"\/>\n\n\n\n<p class=\"has-black-color has-text-color\">(\u00dcbersetzt von Google &#8211; aus den NL) Der Campingplatz liegt auf dem Gel\u00e4nde eines sch\u00f6nen alten Bauernhofs. Die sanit\u00e4ren Einrichtungen sind ziemlich veraltet, aber der Campingplatz wurde vor 3 Monaten von Enkelin Lisa \u00fcbernommen! Sie macht gro\u00dfe Fortschritte! Auf dem gesamten Gel\u00e4nde gibt es jetzt ausgezeichnetes WLAN, ein Spielplatz f\u00fcr Kinder wurde k\u00fcrzlich entfernt und ein neues Sanit\u00e4rgeb\u00e4ude ist im Bau.<\/p>\n\n\n\n<p class=\"has-black-color has-text-color\">Lisa selbst ist unglaublich herzlich und sehr, sehr freundlich. Sie ist den ganzen Tag f\u00fcr ihre G\u00e4ste besch\u00e4ftigt und zeigt, dass sie Spa\u00df an dem hat, was sie tut. Sie hat eine klare Vision f\u00fcr das Unternehmen und arbeitet aktiv daran, es zu etwas Sch\u00f6nem zu machen. Wir hatten eine tolle Zeit und kommen gerne wieder!<\/p>\n\n\n\n<p class=\"has-text-color\" style=\"color:#3c7227\"><em>Dirk S., Juli 2022 (Camping-Gast)<\/em><\/p>\n\n\n\n<hr class=\"wp-block-separator has-alpha-channel-opacity\"\/>\n\n\n\n<p class=\"has-black-color has-text-color\">4 Tage, 2 tolle Teilnehmerinnen, zwei fertige Paar Schuhe.. So soll es sein <img loading=\"lazy\" decoding=\"async\" height=\"16\" width=\"16\" src=\"https:\/\/static.xx.fbcdn.net\/images\/emoji.php\/v9\/tf3\/1.5\/16\/2764.png\" alt=\"&#x2764;\"><img loading=\"lazy\" decoding=\"async\" height=\"16\" width=\"16\" src=\"https:\/\/static.xx.fbcdn.net\/images\/emoji.php\/v9\/tf3\/1.5\/16\/2764.png\" alt=\"&#x2764;\"> vielen Dank an Campingplatz Finsterhof und den Verein Handwerksleut f\u00fcr die Organisation und die R\u00e4umlichkeiten <img loading=\"lazy\" decoding=\"async\" height=\"16\" width=\"16\" src=\"https:\/\/static.xx.fbcdn.net\/images\/emoji.php\/v9\/t43\/1.5\/16\/1f970.png\" alt=\"&#x1f970;\"><img loading=\"lazy\" decoding=\"async\" height=\"16\" width=\"16\" src=\"https:\/\/static.xx.fbcdn.net\/images\/emoji.php\/v9\/t43\/1.5\/16\/1f970.png\" alt=\"&#x1f970;\"><\/p>\n\n\n\n<p class=\"has-text-color\" style=\"color:#3c7227\"><em>CCU Claudias Creativ Unikate &#8211; Claudia Wirtitsch, August 2022 (Workshop-Leiterin)<\/em><\/p>\n\n\n\n<hr class=\"wp-block-separator has-alpha-channel-opacity\"\/>\n\n\n\n<p class=\"has-black-color has-text-color\">Das erfolgreiche Workshopwochenende am Campingplatz Finsterhof ist zu Ende. Ich hab so viel erlebt&#8230;.engagierte junge Menschen, die so vieles auf die Beine stellen! Ihr seid gro\u00dfartig und habt meinen vollen Respekt.<\/p>\n\n\n\n<p class=\"has-black-color has-text-color\">Danke f\u00fcr die M\u00f6glichkeit, bei euch Workshops leiten zu d\u00fcrfen und danke an Daniela Bruckmayer (Verein Handwerksleut) f\u00fcr die tolle Organisation. Sch\u00f6n wars <img loading=\"lazy\" decoding=\"async\" height=\"16\" width=\"16\" src=\"https:\/\/static.xx.fbcdn.net\/images\/emoji.php\/v9\/td9\/1.5\/16\/1f64f.png\" alt=\"&#x1f64f;\"><img loading=\"lazy\" decoding=\"async\" height=\"16\" width=\"16\" src=\"https:\/\/static.xx.fbcdn.net\/images\/emoji.php\/v9\/t43\/1.5\/16\/1f970.png\" alt=\"&#x1f970;\"><\/p>\n\n\n\n<p class=\"has-text-color\" style=\"color:#3c7227\"><em>Wollwerkstatt Myrahof &#8211; Barbara Tansil, August 2022 (Workshop-Leiterin und Camping-Gast)<\/em><\/p>\n\n\n\n<hr class=\"wp-block-separator has-alpha-channel-opacity\"\/>\n\n\n\n<p class=\"has-black-color has-text-color\">Ich habe mich total wohlgef\u00fchlt, das ist ein wunderbares Anwesen. Ein sehr stimmungsvoller Raum f\u00fcr traditionelles Handwerk.<\/p>\n\n\n\n<p class=\"has-text-color\" style=\"color:#3c7227\"><em>Sabine P., August 2022 (Workshop-Teilnehmer)<\/em><\/p>\n\n\n\n<hr class=\"wp-block-separator has-alpha-channel-opacity\"\/>\n\n\n\n<p class=\"has-black-color has-text-color\">Mir hat der Webetag sehr gut gefallen, auch die Atmosph\u00e4re war so angenehm. Ich bedanke mich auch noch f\u00fcr die Weiterleitung an Barbara f\u00fcr eine Nachhilfestunde!<\/p>\n\n\n\n<p class=\"has-text-color\" style=\"color:#3c7227\"><em>Margareta D., August 2022 (Workshop-Teilnehmer)<\/em><\/p>\n\n\n\n<hr class=\"wp-block-separator has-alpha-channel-opacity\"\/>\n\n\n\n<p class=\"has-black-color has-text-color\">Der Kurs war super. \ud83d\ude42 Hat alles gut gepasst. \ud83d\ude42<\/p>\n\n\n\n<p class=\"has-text-color\" style=\"color:#3c7227\"><em>Barbara S., August 2022 (Workshop-Teilnehmer)<\/em><\/p>\n\n\n\n<hr class=\"wp-block-separator has-alpha-channel-opacity\"\/>\n\n\n\n<p class=\"has-black-color has-text-color\">Ich war mit dem Kurs vollauf zufrieden. Hab festgestellt es ist gar nicht so leicht zu spinnen. Schlu\u00dfendlich hat es aber dann geklappt. Mache gerne wieder einen Spinnkurs bei euch.<\/p>\n\n\n\n<p class=\"has-text-color\" style=\"color:#3c7227\"><em>Silvia R., August 2022 (Workshop-Teilnehmer)<\/em><\/p>\n\n\n\n<hr class=\"wp-block-separator has-alpha-channel-opacity\"\/>\n\n\n\n<p class=\"has-black-color has-text-color\">Die sehr gelungene 4-t\u00e4gige Veranstaltung war zwar ziemlich anstrengend, daf\u00fcr aber super nett und in lustiger Runde konnten wir von unserer Lehrmeisterin Claudia viel lernen und die Vorgabe \u201egefilzte Stiefeletten\u201c auch umsetzen.&nbsp;<\/p>\n\n\n\n<p class=\"has-black-color has-text-color\">Die Planung f\u00fcr diese Veranstaltung war professionell und die Betreuung vor Ort durch Lisa hervorragend &#8211; Chapeau!!&nbsp;<\/p>\n\n\n\n<p class=\"has-black-color has-text-color\">Ein gem\u00fctlicher Ort f\u00fcr derartige Veranstaltungen.&nbsp;<br>Danke f\u00fcr die M\u00f6glichkeit, dass wir dabei sein durften.&nbsp;<\/p>\n\n\n\n<p class=\"has-text-color\" style=\"color:#3c7227\"><em>Martina L., August 2022 (Workshop-Teilnehmer)<\/em><\/p>\n\n\n\n<hr class=\"wp-block-separator has-alpha-channel-opacity\"\/>\n\n\n\n<p class=\"has-black-color has-text-color\">(\u00dcbersetzt von Google &#8211; aus den NL) Wir wurden herzlich empfangen. Der Besitzer ist sehr freundlich. Wir standen auf einem wundersch\u00f6nen Rasen mit B\u00e4umen, wo wir uns selbst einen Platz aussuchen konnten. Das WLAN ist fantastisch. Das Sanit\u00e4rgeb\u00e4ude ist veraltet, aber ein neues ist im Bau. Der Bauernhof ist wundersch\u00f6n. Br\u00f6tchenservice vorhanden. Sch\u00f6ner Ausgangspunkt, um Wien zu besuchen.<\/p>\n\n\n\n<p class=\"has-text-color\" style=\"color:#3c7227\"><em>Amy A., August 2022 (Camping-Gast)<\/em><\/p>\n\n\n\n<hr class=\"wp-block-separator has-alpha-channel-opacity\"\/>\n\n\n\n<p class=\"has-black-color has-text-color\">WAR HERVORAGEND F\u00dcR UNSER NINJA CAMP<\/p>\n\n\n\n<p class=\"has-text-color\" style=\"color:#3c7227\"><em>Herbert N., August 2022<\/em> (Camping-Gast)<\/p>\n\n\n\n<hr class=\"wp-block-separator has-alpha-channel-opacity\"\/>\n\n\n\n<p class=\"has-black-color has-text-color\">Sch\u00f6ne Campingplatz am Bauernhof, naturbelassen, nettes Personal nur die Sauberkeit von Toiletten und Waschr\u00e4umen. Die neue Waschr\u00e4ume sind in bau ,da hoffen wir dass da besser wird. Trotz Allem haben wir uns wohl gef\u00fchlt.<\/p>\n\n\n\n<p class=\"has-text-color\" style=\"color:#3c7227\"><em>Bruno M.S., August 2022<\/em> (Camping-Gast)<\/p>\n\n\n\n<hr class=\"wp-block-separator has-alpha-channel-opacity\"\/>\n\n\n\n<p class=\"has-black-color has-text-color\">(\u00dcbersetzt von Google &#8211; aus den NL) Es ist eine sehr gro\u00dfe Seite, aber noch in der Entwicklung. Toller Ort zum \u00dcbernachten. Wir sind auf dem Weg nach Wien. Abwaschplatz, Dusche (50 Cent), Toiletten, Stromanschluss und WLAN vorhanden. Datiert, aber ordentlich. Es wird an einem neuen und modernen Sanit\u00e4rgeb\u00e4ude gearbeitet. Es wird wahrscheinlich sehr sch\u00f6n in einer Weile sein.<\/p>\n\n\n\n<p class=\"has-text-color\" style=\"color:#3c7227\"><em>Joke t.W., August 2022<\/em> (Camping-Gast)<\/p>\n\n\n\n<hr class=\"wp-block-separator has-alpha-channel-opacity\"\/>\n\n\n\n<p class=\"has-black-color has-text-color\">Es war ein sehr sch\u00f6ner Nachmittag bei euch und ich hab mich bei euch und bei den Teilnehmern wertgesch\u00e4tzt und willkommen gef\u00fchlt.<\/p>\n\n\n\n<p class=\"has-black-color has-text-color\">Es war ein sehr sch\u00f6ner Workshop und eine neue Erfahrung f\u00fcr mich. <img loading=\"lazy\" decoding=\"async\" height=\"16\" width=\"16\" src=\"https:\/\/static.xx.fbcdn.net\/images\/emoji.php\/v9\/t10\/1.5\/16\/1f917.png\" alt=\"&#x1f917;\"><\/p>\n\n\n\n<p class=\"has-text-color\" style=\"color:#3c7227\"><em>Magdalena B., August 2022<\/em> (Workshop-Leiterin)<\/p>\n\n\n\n<hr class=\"wp-block-separator has-alpha-channel-opacity\"\/>\n\n\n\n<p><a href=\"https:\/\/camping-finsterhof.eu\/?page_id=726\" data-type=\"URL\" data-id=\"https:\/\/camping-finsterhof.eu\/?page_id=726\">\u00c4ltere Bewertungen<\/a><\/p>\n","protected":false},"excerpt":{"rendered":"<p>Aktuell aus 2022 &#8211; In diesem Jahr freuen wir uns besonders verk\u00fcnden zu k\u00f6nnen, dass der Campingplatz an die j\u00fcngere Generation (Familie K\u00f6hler) \u00fcbergeben wurde. M\u00f6chtest du uns auch gerne eine Bewertung schreiben, dann kannst du das gerne hier, via Mail, auf Facebook oder Google machen. Kleiner, ruhiger Platz &#8211; Jetzt durch neue Betreiber bald [&hellip;]<\/p>\n","protected":false},"author":3,"featured_media":0,"parent":0,"menu_order":0,"comment_status":"closed","ping_status":"closed","template":"","meta":{"footnotes":""},"class_list":["post-534","page","type-page","status-publish","hentry"],"_links":{"self":[{"href":"https:\/\/camping-finsterhof.eu\/index.php?rest_route=\/wp\/v2\/pages\/534","targetHints":{"allow":["GET"]}}],"collection":[{"href":"https:\/\/camping-finsterhof.eu\/index.php?rest_route=\/wp\/v2\/pages"}],"about":[{"href":"https:\/\/camping-finsterhof.eu\/index.php?rest_route=\/wp\/v2\/types\/page"}],"author":[{"embeddable":true,"href":"https:\/\/camping-finsterhof.eu\/index.php?rest_route=\/wp\/v2\/users\/3"}],"replies":[{"embeddable":true,"href":"https:\/\/camping-finsterhof.eu\/index.php?rest_route=%2Fwp%2Fv2%2Fcomments&post=534"}],"version-history":[{"count":29,"href":"https:\/\/camping-finsterhof.eu\/index.php?rest_route=\/wp\/v2\/pages\/534\/revisions"}],"predecessor-version":[{"id":823,"href":"https:\/\/camping-finsterhof.eu\/index.php?rest_route=\/wp\/v2\/pages\/534\/revisions\/823"}],"wp:attachment":[{"href":"https:\/\/camping-finsterhof.eu\/index.php?rest_route=%2Fwp%2Fv2%2Fmedia&parent=534"}],"curies":[{"name":"wp","href":"https:\/\/api.w.org\/{rel}","templated":true}]}}