{"id":624,"date":"2022-08-29T07:02:39","date_gmt":"2022-08-29T05:02:39","guid":{"rendered":"http:\/\/www.camping-finsterhof.eu\/?page_id=624"},"modified":"2023-01-27T11:35:09","modified_gmt":"2023-01-27T09:35:09","slug":"fitness-und-wellness","status":"publish","type":"page","link":"https:\/\/camping-finsterhof.eu\/?page_id=624","title":{"rendered":"Fitness und Wellness"},"content":{"rendered":"\n<p class=\"has-text-color\" style=\"color:#3c7227\"><strong>F\u00fcr das k\u00f6rperliche Wohlbefinden ist bei uns auch gesorgt.<\/strong><\/p>\n\n\n\n<p>Am Platz findet man \u00fcberall gem\u00fctliche Pl\u00e4tzchen zum ausruhen und entspannen.<\/p>\n\n\n\n<p><strong><a href=\"https:\/\/camping-finsterhof.eu\/?page_id=460\" data-type=\"URL\" data-id=\"https:\/\/camping-finsterhof.eu\/?page_id=460\">Rosi sorgt mit wohltuenden Massagen f\u00fcr Entspannung<\/a><\/strong> im Paravent unter dem Bl\u00e4tterdach, im k\u00fchlen Aufenthaltsraum oder direkt an der Campingstelle &#8211; Angebote f\u00fcr Campingg\u00e4ste oder Besucher von Au\u00dferhalb.<\/p>\n\n\n\n<p><strong><a href=\"https:\/\/camping-finsterhof.eu\/?page_id=376\" data-type=\"URL\" data-id=\"https:\/\/camping-finsterhof.eu\/?page_id=376\">Julia<\/a>, <a href=\"https:\/\/camping-finsterhof.eu\/?page_id=359\" data-type=\"URL\" data-id=\"https:\/\/camping-finsterhof.eu\/?page_id=359\">Jenny<\/a> und Nuria,<\/strong> unsere drei Trainerinnen, halten den K\u00f6rper fit.<br>Der <strong>Yogabrunch von Nuria und Rosi<\/strong> ist auch sehr zu empfehlen.<\/p>\n\n\n\n<p>Somit steht f\u00fcr Campingg\u00e4ste und Besucher von Au\u00dferhalb unser Angebot zur Verf\u00fcgung. Alle Termine und Anmeldungen findet man unter <a href=\"https:\/\/camping-finsterhof.eu\/?page_id=301\" data-type=\"URL\" data-id=\"https:\/\/camping-finsterhof.eu\/?page_id=301\">Angebote<\/a> und unter <a href=\"https:\/\/camping-finsterhof.eu\/?page_id=218\" data-type=\"URL\" data-id=\"https:\/\/camping-finsterhof.eu\/?page_id=218\">Veranstaltungen<\/a>.<\/p>\n\n\n\n<figure class=\"wp-block-image size-large\"><img loading=\"lazy\" decoding=\"async\" width=\"1024\" height=\"536\" src=\"https:\/\/camping-finsterhof.eu\/wp-content\/uploads\/283535200_515910726904882_5551700765843339515_n-1024x536.jpg\" alt=\"\" class=\"wp-image-648\" srcset=\"https:\/\/camping-finsterhof.eu\/wp-content\/uploads\/283535200_515910726904882_5551700765843339515_n-1024x536.jpg 1024w, https:\/\/camping-finsterhof.eu\/wp-content\/uploads\/283535200_515910726904882_5551700765843339515_n-300x157.jpg 300w, https:\/\/camping-finsterhof.eu\/wp-content\/uploads\/283535200_515910726904882_5551700765843339515_n-768x402.jpg 768w, https:\/\/camping-finsterhof.eu\/wp-content\/uploads\/283535200_515910726904882_5551700765843339515_n.jpg 1374w\" sizes=\"auto, (max-width: 1024px) 100vw, 1024px\" \/><\/figure>\n\n\n\n<figure class=\"wp-block-image size-large\"><img loading=\"lazy\" decoding=\"async\" width=\"1024\" height=\"768\" src=\"https:\/\/camping-finsterhof.eu\/wp-content\/uploads\/WhatsApp-Image-2023-01-19-at-18.20.49-1024x768.jpeg\" alt=\"\" class=\"wp-image-953\" srcset=\"https:\/\/camping-finsterhof.eu\/wp-content\/uploads\/WhatsApp-Image-2023-01-19-at-18.20.49-1024x768.jpeg 1024w, https:\/\/camping-finsterhof.eu\/wp-content\/uploads\/WhatsApp-Image-2023-01-19-at-18.20.49-300x225.jpeg 300w, https:\/\/camping-finsterhof.eu\/wp-content\/uploads\/WhatsApp-Image-2023-01-19-at-18.20.49-768x576.jpeg 768w, https:\/\/camping-finsterhof.eu\/wp-content\/uploads\/WhatsApp-Image-2023-01-19-at-18.20.49-1536x1152.jpeg 1536w, https:\/\/camping-finsterhof.eu\/wp-content\/uploads\/WhatsApp-Image-2023-01-19-at-18.20.49.jpeg 1984w\" sizes=\"auto, (max-width: 1024px) 100vw, 1024px\" \/><figcaption>Yoga und Fitness mit unserer Julia (rechts vorne auf der rosa Matte)<\/figcaption><\/figure>\n\n\n\n<figure class=\"wp-block-image size-large\"><img loading=\"lazy\" decoding=\"async\" width=\"1024\" height=\"1024\" src=\"https:\/\/camping-finsterhof.eu\/wp-content\/uploads\/291952726_543453890817232_6398666708675346011_n-1024x1024.jpg\" alt=\"\" class=\"wp-image-636\" srcset=\"https:\/\/camping-finsterhof.eu\/wp-content\/uploads\/291952726_543453890817232_6398666708675346011_n-1024x1024.jpg 1024w, https:\/\/camping-finsterhof.eu\/wp-content\/uploads\/291952726_543453890817232_6398666708675346011_n-300x300.jpg 300w, https:\/\/camping-finsterhof.eu\/wp-content\/uploads\/291952726_543453890817232_6398666708675346011_n-768x768.jpg 768w, https:\/\/camping-finsterhof.eu\/wp-content\/uploads\/291952726_543453890817232_6398666708675346011_n-1536x1536.jpg 1536w, https:\/\/camping-finsterhof.eu\/wp-content\/uploads\/291952726_543453890817232_6398666708675346011_n-230x230.jpg 230w, https:\/\/camping-finsterhof.eu\/wp-content\/uploads\/291952726_543453890817232_6398666708675346011_n-80x80.jpg 80w, https:\/\/camping-finsterhof.eu\/wp-content\/uploads\/291952726_543453890817232_6398666708675346011_n.jpg 1736w\" sizes=\"auto, (max-width: 1024px) 100vw, 1024px\" \/><\/figure>\n\n\n\n<figure class=\"wp-block-image size-large\"><img loading=\"lazy\" decoding=\"async\" width=\"1024\" height=\"1024\" src=\"https:\/\/camping-finsterhof.eu\/wp-content\/uploads\/291857576_543453897483898_1727886565931732734_n-1024x1024.jpg\" alt=\"\" class=\"wp-image-644\" srcset=\"https:\/\/camping-finsterhof.eu\/wp-content\/uploads\/291857576_543453897483898_1727886565931732734_n-1024x1024.jpg 1024w, https:\/\/camping-finsterhof.eu\/wp-content\/uploads\/291857576_543453897483898_1727886565931732734_n-300x300.jpg 300w, https:\/\/camping-finsterhof.eu\/wp-content\/uploads\/291857576_543453897483898_1727886565931732734_n-768x768.jpg 768w, https:\/\/camping-finsterhof.eu\/wp-content\/uploads\/291857576_543453897483898_1727886565931732734_n-230x230.jpg 230w, https:\/\/camping-finsterhof.eu\/wp-content\/uploads\/291857576_543453897483898_1727886565931732734_n-80x80.jpg 80w, https:\/\/camping-finsterhof.eu\/wp-content\/uploads\/291857576_543453897483898_1727886565931732734_n.jpg 1440w\" sizes=\"auto, (max-width: 1024px) 100vw, 1024px\" \/><figcaption>Yogabrunch mit Nuria und Rosi<\/figcaption><\/figure>\n\n\n\n<figure class=\"wp-block-image size-large is-resized\"><img loading=\"lazy\" decoding=\"async\" src=\"https:\/\/camping-finsterhof.eu\/wp-content\/uploads\/290823191_539879631174658_1648026666317208096_n-1024x1024.jpg\" alt=\"\" class=\"wp-image-645\" width=\"841\" height=\"841\" srcset=\"https:\/\/camping-finsterhof.eu\/wp-content\/uploads\/290823191_539879631174658_1648026666317208096_n-1024x1024.jpg 1024w, https:\/\/camping-finsterhof.eu\/wp-content\/uploads\/290823191_539879631174658_1648026666317208096_n-300x300.jpg 300w, https:\/\/camping-finsterhof.eu\/wp-content\/uploads\/290823191_539879631174658_1648026666317208096_n-768x768.jpg 768w, https:\/\/camping-finsterhof.eu\/wp-content\/uploads\/290823191_539879631174658_1648026666317208096_n-230x230.jpg 230w, https:\/\/camping-finsterhof.eu\/wp-content\/uploads\/290823191_539879631174658_1648026666317208096_n-80x80.jpg 80w, https:\/\/camping-finsterhof.eu\/wp-content\/uploads\/290823191_539879631174658_1648026666317208096_n.jpg 1440w\" sizes=\"auto, (max-width: 841px) 100vw, 841px\" \/><figcaption>Yogabrunch mit Nuria und Rosi<\/figcaption><\/figure>\n\n\n\n<figure class=\"wp-block-image size-large\"><img loading=\"lazy\" decoding=\"async\" width=\"1024\" height=\"772\" src=\"https:\/\/camping-finsterhof.eu\/wp-content\/uploads\/287682918_529398642222757_4434988619809803713_n-1024x772.jpg\" alt=\"\" class=\"wp-image-647\" srcset=\"https:\/\/camping-finsterhof.eu\/wp-content\/uploads\/287682918_529398642222757_4434988619809803713_n-1024x772.jpg 1024w, https:\/\/camping-finsterhof.eu\/wp-content\/uploads\/287682918_529398642222757_4434988619809803713_n-300x226.jpg 300w, https:\/\/camping-finsterhof.eu\/wp-content\/uploads\/287682918_529398642222757_4434988619809803713_n-768x579.jpg 768w, https:\/\/camping-finsterhof.eu\/wp-content\/uploads\/287682918_529398642222757_4434988619809803713_n.jpg 1440w\" sizes=\"auto, (max-width: 1024px) 100vw, 1024px\" \/><figcaption>Gem\u00fctliche H\u00e4ngematten f\u00fcr Jedermann<\/figcaption><\/figure>\n\n\n\n<figure class=\"wp-block-image size-large\"><img loading=\"lazy\" decoding=\"async\" width=\"1024\" height=\"1024\" src=\"https:\/\/camping-finsterhof.eu\/wp-content\/uploads\/291911397_543453940817227_2840866181449413203_n-1024x1024.jpg\" alt=\"\" class=\"wp-image-643\" srcset=\"https:\/\/camping-finsterhof.eu\/wp-content\/uploads\/291911397_543453940817227_2840866181449413203_n-1024x1024.jpg 1024w, https:\/\/camping-finsterhof.eu\/wp-content\/uploads\/291911397_543453940817227_2840866181449413203_n-300x300.jpg 300w, https:\/\/camping-finsterhof.eu\/wp-content\/uploads\/291911397_543453940817227_2840866181449413203_n-768x768.jpg 768w, https:\/\/camping-finsterhof.eu\/wp-content\/uploads\/291911397_543453940817227_2840866181449413203_n-230x230.jpg 230w, https:\/\/camping-finsterhof.eu\/wp-content\/uploads\/291911397_543453940817227_2840866181449413203_n-80x80.jpg 80w, https:\/\/camping-finsterhof.eu\/wp-content\/uploads\/291911397_543453940817227_2840866181449413203_n.jpg 1440w\" sizes=\"auto, (max-width: 1024px) 100vw, 1024px\" \/><figcaption>Yogabrunch mit Nuria und Rosi<\/figcaption><\/figure>\n\n\n\n<figure class=\"wp-block-image size-large\"><img loading=\"lazy\" decoding=\"async\" width=\"1024\" height=\"1024\" src=\"https:\/\/camping-finsterhof.eu\/wp-content\/uploads\/289641224_10223775948845781_7023442558820679215_n-1024x1024.jpg\" alt=\"\" class=\"wp-image-638\" srcset=\"https:\/\/camping-finsterhof.eu\/wp-content\/uploads\/289641224_10223775948845781_7023442558820679215_n-1024x1024.jpg 1024w, https:\/\/camping-finsterhof.eu\/wp-content\/uploads\/289641224_10223775948845781_7023442558820679215_n-300x300.jpg 300w, https:\/\/camping-finsterhof.eu\/wp-content\/uploads\/289641224_10223775948845781_7023442558820679215_n-768x768.jpg 768w, https:\/\/camping-finsterhof.eu\/wp-content\/uploads\/289641224_10223775948845781_7023442558820679215_n-1536x1536.jpg 1536w, https:\/\/camping-finsterhof.eu\/wp-content\/uploads\/289641224_10223775948845781_7023442558820679215_n.jpg 2048w, https:\/\/camping-finsterhof.eu\/wp-content\/uploads\/289641224_10223775948845781_7023442558820679215_n-230x230.jpg 230w, https:\/\/camping-finsterhof.eu\/wp-content\/uploads\/289641224_10223775948845781_7023442558820679215_n-80x80.jpg 80w\" sizes=\"auto, (max-width: 1024px) 100vw, 1024px\" \/><figcaption>Massage in unserem alten, k\u00fchlen Aufenthaltsraum<\/figcaption><\/figure>\n\n\n\n<figure class=\"wp-block-image size-large is-resized\"><img loading=\"lazy\" decoding=\"async\" src=\"https:\/\/camping-finsterhof.eu\/wp-content\/uploads\/04FD5409-EE65-4CAA-872C-C451F7D7BF31-1024x1024.jpg\" alt=\"\" class=\"wp-image-593\" width=\"840\" height=\"840\" srcset=\"https:\/\/camping-finsterhof.eu\/wp-content\/uploads\/04FD5409-EE65-4CAA-872C-C451F7D7BF31-1024x1024.jpg 1024w, https:\/\/camping-finsterhof.eu\/wp-content\/uploads\/04FD5409-EE65-4CAA-872C-C451F7D7BF31-300x300.jpg 300w, https:\/\/camping-finsterhof.eu\/wp-content\/uploads\/04FD5409-EE65-4CAA-872C-C451F7D7BF31-768x768.jpg 768w, https:\/\/camping-finsterhof.eu\/wp-content\/uploads\/04FD5409-EE65-4CAA-872C-C451F7D7BF31-230x230.jpg 230w, https:\/\/camping-finsterhof.eu\/wp-content\/uploads\/04FD5409-EE65-4CAA-872C-C451F7D7BF31-80x80.jpg 80w, https:\/\/camping-finsterhof.eu\/wp-content\/uploads\/04FD5409-EE65-4CAA-872C-C451F7D7BF31.jpg 1440w\" sizes=\"auto, (max-width: 840px) 100vw, 840px\" \/><figcaption>Yoga mit Nuria<\/figcaption><\/figure>\n\n\n\n<figure class=\"wp-block-image size-large\"><img loading=\"lazy\" decoding=\"async\" width=\"1024\" height=\"772\" src=\"https:\/\/camping-finsterhof.eu\/wp-content\/uploads\/287552655_529398648889423_3757594491747312575_n-1024x772.jpg\" alt=\"\" class=\"wp-image-646\" srcset=\"https:\/\/camping-finsterhof.eu\/wp-content\/uploads\/287552655_529398648889423_3757594491747312575_n-1024x772.jpg 1024w, https:\/\/camping-finsterhof.eu\/wp-content\/uploads\/287552655_529398648889423_3757594491747312575_n-300x226.jpg 300w, https:\/\/camping-finsterhof.eu\/wp-content\/uploads\/287552655_529398648889423_3757594491747312575_n-768x579.jpg 768w, https:\/\/camping-finsterhof.eu\/wp-content\/uploads\/287552655_529398648889423_3757594491747312575_n.jpg 1440w\" sizes=\"auto, (max-width: 1024px) 100vw, 1024px\" \/><\/figure>\n\n\n\n<figure class=\"wp-block-image size-large\"><img loading=\"lazy\" decoding=\"async\" width=\"1024\" height=\"747\" src=\"https:\/\/camping-finsterhof.eu\/wp-content\/uploads\/289652573_10223775956885982_5484398511672852135_n-1024x747.jpg\" alt=\"\" class=\"wp-image-639\" srcset=\"https:\/\/camping-finsterhof.eu\/wp-content\/uploads\/289652573_10223775956885982_5484398511672852135_n-1024x747.jpg 1024w, https:\/\/camping-finsterhof.eu\/wp-content\/uploads\/289652573_10223775956885982_5484398511672852135_n-300x219.jpg 300w, https:\/\/camping-finsterhof.eu\/wp-content\/uploads\/289652573_10223775956885982_5484398511672852135_n-768x560.jpg 768w, https:\/\/camping-finsterhof.eu\/wp-content\/uploads\/289652573_10223775956885982_5484398511672852135_n.jpg 1080w\" sizes=\"auto, (max-width: 1024px) 100vw, 1024px\" \/><figcaption>Massage unterm Bl\u00e4tterdach<\/figcaption><\/figure>\n\n\n\n<figure class=\"wp-block-image size-full\"><img loading=\"lazy\" decoding=\"async\" width=\"828\" height=\"621\" src=\"https:\/\/camping-finsterhof.eu\/wp-content\/uploads\/WhatsApp-Image-2022-08-30-at-10.01.31.jpeg\" alt=\"\" class=\"wp-image-705\" srcset=\"https:\/\/camping-finsterhof.eu\/wp-content\/uploads\/WhatsApp-Image-2022-08-30-at-10.01.31.jpeg 828w, https:\/\/camping-finsterhof.eu\/wp-content\/uploads\/WhatsApp-Image-2022-08-30-at-10.01.31-300x225.jpeg 300w, https:\/\/camping-finsterhof.eu\/wp-content\/uploads\/WhatsApp-Image-2022-08-30-at-10.01.31-768x576.jpeg 768w\" sizes=\"auto, (max-width: 828px) 100vw, 828px\" \/><\/figure>\n\n\n\n<p><a href=\"https:\/\/camping-finsterhof.eu\/?page_id=96\">Zur\u00fcck zu &#8222;Fotos&#8220;<\/a><\/p>\n\n\n\n<hr class=\"wp-block-separator has-alpha-channel-opacity\"\/>\n\n\n\n<p>Zum <a href=\"https:\/\/camping-finsterhof.eu\/?page_id=895\">Newsletter<\/a> anmelden und keine Neuigkeiten mehr verpassen!<\/p>\n","protected":false},"excerpt":{"rendered":"<p>F\u00fcr das k\u00f6rperliche Wohlbefinden ist bei uns auch gesorgt. Am Platz findet man \u00fcberall gem\u00fctliche Pl\u00e4tzchen zum ausruhen und entspannen. Rosi sorgt mit wohltuenden Massagen f\u00fcr Entspannung im Paravent unter dem Bl\u00e4tterdach, im k\u00fchlen Aufenthaltsraum oder direkt an der Campingstelle &#8211; Angebote f\u00fcr Campingg\u00e4ste oder Besucher von Au\u00dferhalb. Julia, Jenny und Nuria, unsere drei Trainerinnen, [&hellip;]<\/p>\n","protected":false},"author":3,"featured_media":0,"parent":0,"menu_order":0,"comment_status":"closed","ping_status":"closed","template":"","meta":{"footnotes":""},"class_list":["post-624","page","type-page","status-publish","hentry"],"_links":{"self":[{"href":"https:\/\/camping-finsterhof.eu\/index.php?rest_route=\/wp\/v2\/pages\/624","targetHints":{"allow":["GET"]}}],"collection":[{"href":"https:\/\/camping-finsterhof.eu\/index.php?rest_route=\/wp\/v2\/pages"}],"about":[{"href":"https:\/\/camping-finsterhof.eu\/index.php?rest_route=\/wp\/v2\/types\/page"}],"author":[{"embeddable":true,"href":"https:\/\/camping-finsterhof.eu\/index.php?rest_route=\/wp\/v2\/users\/3"}],"replies":[{"embeddable":true,"href":"https:\/\/camping-finsterhof.eu\/index.php?rest_route=%2Fwp%2Fv2%2Fcomments&post=624"}],"version-history":[{"count":10,"href":"https:\/\/camping-finsterhof.eu\/index.php?rest_route=\/wp\/v2\/pages\/624\/revisions"}],"predecessor-version":[{"id":956,"href":"https:\/\/camping-finsterhof.eu\/index.php?rest_route=\/wp\/v2\/pages\/624\/revisions\/956"}],"wp:attachment":[{"href":"https:\/\/camping-finsterhof.eu\/index.php?rest_route=%2Fwp%2Fv2%2Fmedia&parent=624"}],"curies":[{"name":"wp","href":"https:\/\/api.w.org\/{rel}","templated":true}]}}