{"id":96,"date":"2013-10-24T09:23:09","date_gmt":"2013-10-24T07:23:09","guid":{"rendered":"http:\/\/www.camping-finsterhof.eu\/?page_id=96"},"modified":"2025-06-08T00:17:26","modified_gmt":"2025-06-07T22:17:26","slug":"fotos-2","status":"publish","type":"page","link":"https:\/\/camping-finsterhof.eu\/?page_id=96","title":{"rendered":"Fotos"},"content":{"rendered":"\n<p><a href=\"https:\/\/camping-finsterhof.eu\/?page_id=549\">Campingplatz &amp; R\u00e4umlichkeiten<\/a><br><a href=\"https:\/\/camping-finsterhof.eu\/?page_id=550\">F\u00fcr unsere kleinen G\u00e4ste<\/a><br>Unsere Tiere<br><a href=\"https:\/\/camping-finsterhof.eu\/?page_id=548\" data-type=\"URL\" data-id=\"https:\/\/camping-finsterhof.eu\/?page_id=548\">Workshops und Kurse<\/a><br><a href=\"https:\/\/camping-finsterhof.eu\/?page_id=691\" data-type=\"URL\" data-id=\"https:\/\/camping-finsterhof.eu\/?page_id=691\">Veranstaltungen<\/a><br><a href=\"https:\/\/camping-finsterhof.eu\/?page_id=624\" data-type=\"URL\" data-id=\"https:\/\/camping-finsterhof.eu\/?page_id=624\">Fitness und Wellness<\/a><br>Coaching &#8211; Privat oder f\u00fcr Firmen<\/p>\n\n\n\n<p>Wir freuen uns immer \u00fcber neue Fotos und Bewertungen von unseren lieben G\u00e4sten!<br><a href=\"mailto:finsterhofcamping@gmail.com\">finsterhofcamping@gmail.com<\/a><\/p>\n\n\n\n<p>Zum <a href=\"https:\/\/camping-finsterhof.eu\/?page_id=895\">Newsletter<\/a> anmelden und keine Neuigkeiten mehr verpassen!<\/p>\n","protected":false},"excerpt":{"rendered":"<p>Campingplatz &amp; R\u00e4umlichkeitenF\u00fcr unsere kleinen G\u00e4steUnsere TiereWorkshops und KurseVeranstaltungenFitness und WellnessCoaching &#8211; Privat oder f\u00fcr Firmen Wir freuen uns immer \u00fcber neue Fotos und Bewertungen von unseren lieben G\u00e4sten!finsterhofcamping@gmail.com Zum Newsletter anmelden und keine Neuigkeiten mehr verpassen!<\/p>\n","protected":false},"author":3,"featured_media":0,"parent":0,"menu_order":0,"comment_status":"closed","ping_status":"open","template":"","meta":{"footnotes":""},"class_list":["post-96","page","type-page","status-publish","hentry"],"_links":{"self":[{"href":"https:\/\/camping-finsterhof.eu\/index.php?rest_route=\/wp\/v2\/pages\/96","targetHints":{"allow":["GET"]}}],"collection":[{"href":"https:\/\/camping-finsterhof.eu\/index.php?rest_route=\/wp\/v2\/pages"}],"about":[{"href":"https:\/\/camping-finsterhof.eu\/index.php?rest_route=\/wp\/v2\/types\/page"}],"author":[{"embeddable":true,"href":"https:\/\/camping-finsterhof.eu\/index.php?rest_route=\/wp\/v2\/users\/3"}],"replies":[{"embeddable":true,"href":"https:\/\/camping-finsterhof.eu\/index.php?rest_route=%2Fwp%2Fv2%2Fcomments&post=96"}],"version-history":[{"count":22,"href":"https:\/\/camping-finsterhof.eu\/index.php?rest_route=\/wp\/v2\/pages\/96\/revisions"}],"predecessor-version":[{"id":1315,"href":"https:\/\/camping-finsterhof.eu\/index.php?rest_route=\/wp\/v2\/pages\/96\/revisions\/1315"}],"wp:attachment":[{"href":"https:\/\/camping-finsterhof.eu\/index.php?rest_route=%2Fwp%2Fv2%2Fmedia&parent=96"}],"curies":[{"name":"wp","href":"https:\/\/api.w.org\/{rel}","templated":true}]}}